{"id":6532,"date":"2025-03-02T19:17:51","date_gmt":"2025-03-03T01:17:51","guid":{"rendered":"https:\/\/web.clearagro.com\/gt\/?page_id=6532"},"modified":"2025-05-28T01:02:40","modified_gmt":"2025-05-28T07:02:40","slug":"certificaciones","status":"publish","type":"page","link":"https:\/\/clearagro.com\/gt\/certificaciones\/","title":{"rendered":"Certificaciones"},"content":{"rendered":"\t\t<div data-elementor-type=\"wp-page\" data-elementor-id=\"6532\" class=\"elementor elementor-6532\">\n\t\t\t\t\t\t<section class=\"elementor-section elementor-top-section elementor-element elementor-element-606453de elementor-section-full_width elementor-section-stretched elementor-section-height-default elementor-section-height-default wpr-particle-no wpr-jarallax-no wpr-parallax-no wpr-sticky-section-no\" data-id=\"606453de\" data-element_type=\"section\" data-e-type=\"section\" data-settings=\"{&quot;stretch_section&quot;:&quot;section-stretched&quot;}\">\n\t\t\t\t\t\t<div class=\"elementor-container elementor-column-gap-default\">\n\t\t\t\t\t<div class=\"elementor-column elementor-col-100 elementor-top-column elementor-element elementor-element-77cb04a4\" data-id=\"77cb04a4\" data-element_type=\"column\" data-e-type=\"column\">\n\t\t\t<div class=\"elementor-widget-wrap elementor-element-populated\">\n\t\t\t\t\t\t<div class=\"elementor-element elementor-element-15de96cd elementor-widget elementor-widget-image\" data-id=\"15de96cd\" data-element_type=\"widget\" data-e-type=\"widget\" data-widget_type=\"image.default\">\n\t\t\t\t<div class=\"elementor-widget-container\">\n\t\t\t\t\t\t\t\t\t\t\t\t\t\t\t<img fetchpriority=\"high\" decoding=\"async\" width=\"2560\" height=\"835\" src=\"https:\/\/clearagro.com\/gt\/wp-content\/uploads\/sites\/6\/2024\/11\/HOME-scaled.jpg\" class=\"attachment-full size-full wp-image-5798\" alt=\"\" srcset=\"https:\/\/clearagro.com\/gt\/wp-content\/uploads\/sites\/6\/2024\/11\/HOME-scaled.jpg 2560w, https:\/\/clearagro.com\/gt\/wp-content\/uploads\/sites\/6\/2024\/11\/HOME-300x98.jpg 300w, https:\/\/clearagro.com\/gt\/wp-content\/uploads\/sites\/6\/2024\/11\/HOME-1024x334.jpg 1024w, https:\/\/clearagro.com\/gt\/wp-content\/uploads\/sites\/6\/2024\/11\/HOME-768x251.jpg 768w, https:\/\/clearagro.com\/gt\/wp-content\/uploads\/sites\/6\/2024\/11\/HOME-1536x501.jpg 1536w, https:\/\/clearagro.com\/gt\/wp-content\/uploads\/sites\/6\/2024\/11\/HOME-2048x668.jpg 2048w, https:\/\/clearagro.com\/gt\/wp-content\/uploads\/sites\/6\/2024\/11\/HOME-18x6.jpg 18w\" sizes=\"(max-width: 2560px) 100vw, 2560px\" \/>\t\t\t\t\t\t\t\t\t\t\t\t\t\t\t<\/div>\n\t\t\t\t<\/div>\n\t\t\t\t\t<\/div>\n\t\t<\/div>\n\t\t\t\t\t<\/div>\n\t\t<\/section>\n\t\t\t\t<section class=\"elementor-section elementor-top-section elementor-element elementor-element-7e68add elementor-section-stretched elementor-section-content-middle elementor-section-boxed elementor-section-height-default elementor-section-height-default wpr-particle-no wpr-jarallax-no wpr-parallax-no wpr-sticky-section-no\" data-id=\"7e68add\" data-element_type=\"section\" data-e-type=\"section\" data-settings=\"{&quot;stretch_section&quot;:&quot;section-stretched&quot;}\">\n\t\t\t\t\t\t<div class=\"elementor-container elementor-column-gap-extended\">\n\t\t\t\t\t<div class=\"elementor-column elementor-col-100 elementor-top-column elementor-element elementor-element-fd22025\" data-id=\"fd22025\" data-element_type=\"column\" data-e-type=\"column\">\n\t\t\t<div class=\"elementor-widget-wrap elementor-element-populated\">\n\t\t\t\t\t\t<div class=\"elementor-element elementor-element-5196b5a elementor-widget elementor-widget-spacer\" data-id=\"5196b5a\" data-element_type=\"widget\" data-e-type=\"widget\" data-widget_type=\"spacer.default\">\n\t\t\t\t<div class=\"elementor-widget-container\">\n\t\t\t\t\t\t\t<div class=\"elementor-spacer\">\n\t\t\t<div class=\"elementor-spacer-inner\"><\/div>\n\t\t<\/div>\n\t\t\t\t\t\t<\/div>\n\t\t\t\t<\/div>\n\t\t\t\t<div class=\"elementor-element elementor-element-2e8e4d0 elementor-widget__width-initial align-left elementor-widget elementor-widget-mae-headings\" data-id=\"2e8e4d0\" data-element_type=\"widget\" data-e-type=\"widget\" data-widget_type=\"mae-headings.default\">\n\t\t\t\t<div class=\"elementor-widget-container\">\n\t\t\t\t\t\t\t<div class=\"master-heading\">\n\t        \n\t        \t        <h2 class=\"main-heading\">Certificaciones que respaldan nuestra innovaci\u00f3n sostenible <\/h2>\n\t        \n\t        \t        <div class=\"divider\"><\/div>\n\t        \n\t        \t    <\/div>\n\t    \t\t\t\t<\/div>\n\t\t\t\t<\/div>\n\t\t\t\t<div class=\"elementor-element elementor-element-7f80700 elementor-widget__width-initial elementor-widget elementor-widget-mae-list\" data-id=\"7f80700\" data-element_type=\"widget\" data-e-type=\"widget\" data-widget_type=\"mae-list.default\">\n\t\t\t\t<div class=\"elementor-widget-container\">\n\t\t\t\t\t\n\t\t<div class=\"master-list align-left\">\n\t\t\t<div class=\"inner\">\n\t\t        <div class=\"icon-wrap\">\n\t\t\t        \t\t\t        \t<i class=\"\"><\/i>\n\t\t\t        \t\t\t\t    \t\t        <\/div> \n\n\t\t        <div class=\"content-wrap\">\n\t\t            En <i>ClearLeaf, <\/i>nuestro compromiso con la sostenibilidad y la agricultura responsable se refleja en nuestras certificaciones. <i>GotaBlanca <\/i>ha sido reconocido por cumplir con los m\u00e1s altos est\u00e1ndares en la producci\u00f3n agr\u00edcola, asegurando un enfoque seguro, eficiente y libre de residuos nocivos.\t\t        <\/div>\n\t\t    <\/div>\n\t    <\/div>\n\n\t    \t\t\t\t<\/div>\n\t\t\t\t<\/div>\n\t\t\t\t<div class=\"elementor-element elementor-element-2a0832b elementor-widget__width-initial align-left elementor-widget elementor-widget-mae-headings\" data-id=\"2a0832b\" data-element_type=\"widget\" data-e-type=\"widget\" data-widget_type=\"mae-headings.default\">\n\t\t\t\t<div class=\"elementor-widget-container\">\n\t\t\t\t\t\t\t<div class=\"master-heading\">\n\t        \n\t        \t        <h2 class=\"main-heading\">Certificaciones org\u00e1nicas<\/h2>\n\t        \n\t        \t        <div class=\"divider\"><\/div>\n\t        \n\t        \t    <\/div>\n\t    \t\t\t\t<\/div>\n\t\t\t\t<\/div>\n\t\t\t\t<div class=\"elementor-element elementor-element-4727ebb elementor-widget__width-initial elementor-widget elementor-widget-mae-list\" data-id=\"4727ebb\" data-element_type=\"widget\" data-e-type=\"widget\" data-widget_type=\"mae-list.default\">\n\t\t\t\t<div class=\"elementor-widget-container\">\n\t\t\t\t\t\n\t\t<div class=\"master-list align-left\">\n\t\t\t<div class=\"inner\">\n\t\t        <div class=\"icon-wrap\">\n\t\t\t        \t\t\t        \t<i class=\"\"><\/i>\n\t\t\t        \t\t\t\t    \t\t        <\/div> \n\n\t\t        <div class=\"content-wrap\">\n\t\t            Nos enorgullece destacar que <i>GotaBlanca<\/i> est\u00e1 certificado como insumo para la agricultura org\u00e1nica en diversas regiones del mundo: \t\t        <\/div>\n\t\t    <\/div>\n\t    <\/div>\n\n\t    \t\t\t\t<\/div>\n\t\t\t\t<\/div>\n\t\t\t\t<div class=\"elementor-element elementor-element-e4b3378 elementor-widget__width-initial elementor-widget elementor-widget-mae-list\" data-id=\"e4b3378\" data-element_type=\"widget\" data-e-type=\"widget\" data-widget_type=\"mae-list.default\">\n\t\t\t\t<div class=\"elementor-widget-container\">\n\t\t\t\t\t\n\t\t<div class=\"master-list align-left\">\n\t\t\t<div class=\"inner\">\n\t\t        <div class=\"icon-wrap\">\n\t\t\t        \t\t\t        \t<i class=\"fas fa-check-circle\"><\/i>\n\t\t\t        \t\t\t\t    \t\t        <\/div> \n\n\t\t        <div class=\"content-wrap\">\n\t\t             <span class=\" font-weight-400\">Europa \u2013 CE No 889\/2008\t\t        <\/div>\n\t\t    <\/div>\n\t    <\/div>\n\n\t    \t\t\t\t<\/div>\n\t\t\t\t<\/div>\n\t\t\t\t<div class=\"elementor-element elementor-element-85ff55c elementor-widget__width-initial elementor-widget elementor-widget-mae-list\" data-id=\"85ff55c\" data-element_type=\"widget\" data-e-type=\"widget\" data-widget_type=\"mae-list.default\">\n\t\t\t\t<div class=\"elementor-widget-container\">\n\t\t\t\t\t\n\t\t<div class=\"master-list align-left\">\n\t\t\t<div class=\"inner\">\n\t\t        <div class=\"icon-wrap\">\n\t\t\t        \t\t\t        \t<i class=\"fas fa-check-circle\"><\/i>\n\t\t\t        \t\t\t\t    \t\t        <\/div> \n\n\t\t        <div class=\"content-wrap\">\n\t\t             <span class=\" font-weight-400\">Jap\u00f3n \u2013 JAS\/MAFF\t\t        <\/div>\n\t\t    <\/div>\n\t    <\/div>\n\n\t    \t\t\t\t<\/div>\n\t\t\t\t<\/div>\n\t\t\t\t<div class=\"elementor-element elementor-element-6569a66 elementor-widget__width-initial elementor-widget elementor-widget-mae-list\" data-id=\"6569a66\" data-element_type=\"widget\" data-e-type=\"widget\" data-widget_type=\"mae-list.default\">\n\t\t\t\t<div class=\"elementor-widget-container\">\n\t\t\t\t\t\n\t\t<div class=\"master-list align-left\">\n\t\t\t<div class=\"inner\">\n\t\t        <div class=\"icon-wrap\">\n\t\t\t        \t\t\t        \t<i class=\"fas fa-check-circle\"><\/i>\n\t\t\t        \t\t\t\t    \t\t        <\/div> \n\n\t\t        <div class=\"content-wrap\">\n\t\t             <span class=\" font-weight-400\">Costa Rica \u2013 MAG 29782\t\t        <\/div>\n\t\t    <\/div>\n\t    <\/div>\n\n\t    \t\t\t\t<\/div>\n\t\t\t\t<\/div>\n\t\t\t\t<div class=\"elementor-element elementor-element-dc20335 elementor-widget elementor-widget-mae-partner-carousel\" data-id=\"dc20335\" data-element_type=\"widget\" data-e-type=\"widget\" data-widget_type=\"mae-partner-carousel.default\">\n\t\t\t\t<div class=\"elementor-widget-container\">\n\t\t\t\t\t\n        <div class=\"master-carousel-box\" data-config='{\"column\":\"4\",\"gap\":\"40px\",\"arrowPosition\":null,\"arrowMiddleOffset\":null,\"arrowTopOffset\":null,\"dotOffset\":null,\"fullRight\":false,\"autoPlay\":false,\"prevNextButtons\":false,\"pageDots\":false}'>\n                            <div class=\"master-partner item-carousel\">\n                    <a href=\"\">\n                        <img decoding=\"async\" alt=\"Logo\" src=\"http:\/\/clearagro.com\/gt\/wp-content\/uploads\/2023\/05\/CERTIFICACION-ORGANICA-GOTABLANCA-CLEARLEAF-COSTA-RICA-JASS-JAPON.png\" \/>\n                    <\/a>\n                <\/div>\n                            <div class=\"master-partner item-carousel\">\n                    <a href=\"\">\n                        <img decoding=\"async\" alt=\"Logo\" src=\"http:\/\/clearagro.com\/gt\/wp-content\/uploads\/2023\/05\/certificacion-ORGANICA-costa-rica-MINISTERIO-DE-AGRICULTURA-CLEARLEAF.png\" \/>\n                    <\/a>\n                <\/div>\n                            <div class=\"master-partner item-carousel\">\n                    <a href=\"\">\n                        <img decoding=\"async\" alt=\"Logo\" src=\"http:\/\/clearagro.com\/gt\/wp-content\/uploads\/2023\/05\/certificacion-ESENCIAL-costa-rica-CLEARLEAF-GOTABLANCA.png\" \/>\n                    <\/a>\n                <\/div>\n                            <div class=\"master-partner item-carousel\">\n                    <a href=\"\">\n                        <img decoding=\"async\" alt=\"Logo\" src=\"http:\/\/clearagro.com\/gt\/wp-content\/uploads\/2023\/05\/CERTIFACION-ORGANICA-EUROPA-CE-CLEARLEAF-GOTABLANCA-COSTARICA.png\" \/>\n                    <\/a>\n                <\/div>\n                    <\/div>\n\n        \t\t\t\t<\/div>\n\t\t\t\t<\/div>\n\t\t\t\t<div class=\"elementor-element elementor-element-7b5afda elementor-widget__width-initial elementor-widget elementor-widget-mae-list\" data-id=\"7b5afda\" data-element_type=\"widget\" data-e-type=\"widget\" data-widget_type=\"mae-list.default\">\n\t\t\t\t<div class=\"elementor-widget-container\">\n\t\t\t\t\t\n\t\t<div class=\"master-list align-left\">\n\t\t\t<div class=\"inner\">\n\t\t        <div class=\"icon-wrap\">\n\t\t\t        \t\t\t        \t<i class=\"\"><\/i>\n\t\t\t        \t\t\t\t    \t\t        <\/div> \n\n\t\t        <div class=\"content-wrap\">\n\t\t            Adem\u00e1s, nuestros productos cuentan con la prestigiosa marca pa\u00eds SOMOS ESENCIAL COSTA RICA, que respalda nuestro compromiso con la sostenibilidad, la innovaci\u00f3n y el desarrollo responsable. \t\t        <\/div>\n\t\t    <\/div>\n\t    <\/div>\n\n\t    \t\t\t\t<\/div>\n\t\t\t\t<\/div>\n\t\t\t\t<div class=\"elementor-element elementor-element-0bfbf95 elementor-widget__width-initial align-left elementor-widget elementor-widget-mae-headings\" data-id=\"0bfbf95\" data-element_type=\"widget\" data-e-type=\"widget\" data-widget_type=\"mae-headings.default\">\n\t\t\t\t<div class=\"elementor-widget-container\">\n\t\t\t\t\t\t\t<div class=\"master-heading\">\n\t        \n\t        \t        <h2 class=\"main-heading\">Uso en agricultura convencional: reducci\u00f3n de carga qu\u00edmica <\/h2>\n\t        \n\t        \t        <div class=\"divider\"><\/div>\n\t        \n\t        \t    <\/div>\n\t    \t\t\t\t<\/div>\n\t\t\t\t<\/div>\n\t\t\t\t<div class=\"elementor-element elementor-element-df57926 elementor-widget__width-initial elementor-widget elementor-widget-mae-list\" data-id=\"df57926\" data-element_type=\"widget\" data-e-type=\"widget\" data-widget_type=\"mae-list.default\">\n\t\t\t\t<div class=\"elementor-widget-container\">\n\t\t\t\t\t\n\t\t<div class=\"master-list align-left\">\n\t\t\t<div class=\"inner\">\n\t\t        <div class=\"icon-wrap\">\n\t\t\t        \t\t\t        \t<i class=\"\"><\/i>\n\t\t\t        \t\t\t\t    \t\t        <\/div> \n\n\t\t        <div class=\"content-wrap\">\n\t\t            Adem\u00e1s de ser un insumo aprobado para la agricultura org\u00e1nica, <i>GotaBlanca<\/i> es una herramienta clave para los productores que buscan reducir la carga qu\u00edmica en cultivos convencionales. Su formulaci\u00f3n segura y efectiva permite disminuir la dependencia de agroqu\u00edmicos tradicionales, protegiendo los cultivos contra hongos y bacterias sin dejar residuos nocivos.  Esto representa una ventaja competitiva para las personas agricultoras, quienes pueden ofrecer productos m\u00e1s saludables y alineados con las tendencias de consumo responsable.\t\t        <\/div>\n\t\t    <\/div>\n\t    <\/div>\n\n\t    \t\t\t\t<\/div>\n\t\t\t\t<\/div>\n\t\t\t\t\t<\/div>\n\t\t<\/div>\n\t\t\t\t\t<\/div>\n\t\t<\/section>\n\t\t\t\t<section class=\"elementor-section elementor-top-section elementor-element elementor-element-148d7d4d elementor-section-stretched elementor-section-boxed elementor-section-height-default elementor-section-height-default wpr-particle-no wpr-jarallax-no wpr-parallax-no wpr-sticky-section-no\" data-id=\"148d7d4d\" data-element_type=\"section\" data-e-type=\"section\" data-settings=\"{&quot;stretch_section&quot;:&quot;section-stretched&quot;,&quot;background_background&quot;:&quot;gradient&quot;}\">\n\t\t\t\t\t\t<div class=\"elementor-container elementor-column-gap-default\">\n\t\t\t\t\t<div class=\"elementor-column elementor-col-100 elementor-top-column elementor-element elementor-element-14d0cd2d\" data-id=\"14d0cd2d\" data-element_type=\"column\" data-e-type=\"column\">\n\t\t\t<div class=\"elementor-widget-wrap elementor-element-populated\">\n\t\t\t\t\t\t<div class=\"elementor-element elementor-element-5d4dc33d elementor-widget elementor-widget-spacer\" data-id=\"5d4dc33d\" data-element_type=\"widget\" data-e-type=\"widget\" data-widget_type=\"spacer.default\">\n\t\t\t\t<div class=\"elementor-widget-container\">\n\t\t\t\t\t\t\t<div class=\"elementor-spacer\">\n\t\t\t<div class=\"elementor-spacer-inner\"><\/div>\n\t\t<\/div>\n\t\t\t\t\t\t<\/div>\n\t\t\t\t<\/div>\n\t\t\t\t<section class=\"elementor-section elementor-inner-section elementor-element elementor-element-332fa8bc elementor-section-content-middle elementor-section-boxed elementor-section-height-default elementor-section-height-default wpr-particle-no wpr-jarallax-no wpr-parallax-no wpr-sticky-section-no\" data-id=\"332fa8bc\" data-element_type=\"section\" data-e-type=\"section\" data-settings=\"{&quot;background_background&quot;:&quot;classic&quot;}\">\n\t\t\t\t\t\t<div class=\"elementor-container elementor-column-gap-default\">\n\t\t\t\t\t<div class=\"elementor-column elementor-col-50 elementor-inner-column elementor-element elementor-element-63afc0aa\" data-id=\"63afc0aa\" data-element_type=\"column\" data-e-type=\"column\">\n\t\t\t<div class=\"elementor-widget-wrap elementor-element-populated\">\n\t\t\t\t\t\t<div class=\"elementor-element elementor-element-e0e6005 align--tabletcenter align-left elementor-widget elementor-widget-mae-headings\" data-id=\"e0e6005\" data-element_type=\"widget\" data-e-type=\"widget\" data-widget_type=\"mae-headings.default\">\n\t\t\t\t<div class=\"elementor-widget-container\">\n\t\t\t\t\t\t\t<div class=\"master-heading\">\n\t        \n\t        \t        <h2 class=\"main-heading\">Ingrese el correo y reciba nuestras \u00faltimas noticias<\/h2>\n\t        \n\t        \n\t        \t    <\/div>\n\t    \t\t\t\t<\/div>\n\t\t\t\t<\/div>\n\t\t\t\t\t<\/div>\n\t\t<\/div>\n\t\t\t\t<div class=\"elementor-column elementor-col-50 elementor-inner-column elementor-element elementor-element-2565febf\" data-id=\"2565febf\" data-element_type=\"column\" data-e-type=\"column\">\n\t\t\t<div class=\"elementor-widget-wrap elementor-element-populated\">\n\t\t\t\t\t\t<div class=\"elementor-element elementor-element-7109a297 align--tabletcenter align-center elementor-widget elementor-widget-mae-subscribe\" data-id=\"7109a297\" data-element_type=\"widget\" data-e-type=\"widget\" data-widget_type=\"mae-subscribe.default\">\n\t\t\t\t<div class=\"elementor-widget-container\">\n\t\t\t\t\t<div class=\"master-subscribe-form style-1\"><script>(function() {\n\twindow.mc4wp = window.mc4wp || {\n\t\tlisteners: [],\n\t\tforms: {\n\t\t\ton: function(evt, cb) {\n\t\t\t\twindow.mc4wp.listeners.push(\n\t\t\t\t\t{\n\t\t\t\t\t\tevent   : evt,\n\t\t\t\t\t\tcallback: cb\n\t\t\t\t\t}\n\t\t\t\t);\n\t\t\t}\n\t\t}\n\t}\n})();\n<\/script><!-- Mailchimp for WordPress v4.12.1 - https:\/\/wordpress.org\/plugins\/mailchimp-for-wp\/ --><form id=\"mc4wp-form-1\" class=\"mc4wp-form mc4wp-form-589\" method=\"post\" data-id=\"589\" data-name=\"Boletin\" ><div class=\"mc4wp-form-fields\"><div class=\"input-wrap\">\r\n\t<input type=\"email\" name=\"EMAIL\" placeholder=\"Correo\" required=\"\" \/>\r\n<\/div>\r\n\r\n<div class=\"submit-wrap\">\r\n  <button type=\"submit\">Enviar<\/button>\r\n<\/div><\/div><label style=\"display: none !important;\">Deje el campo en blanco si es una persona: <input type=\"text\" name=\"_mc4wp_honeypot\" value=\"\" tabindex=\"-1\" autocomplete=\"off\" \/><\/label><input type=\"hidden\" name=\"_mc4wp_timestamp\" value=\"1776657291\" \/><input type=\"hidden\" name=\"_mc4wp_form_id\" value=\"589\" \/><input type=\"hidden\" name=\"_mc4wp_form_element_id\" value=\"mc4wp-form-1\" \/><div class=\"mc4wp-response\"><\/div><\/form><!-- \/ Mailchimp for WordPress Plugin --><\/div>\t\t\t\t<\/div>\n\t\t\t\t<\/div>\n\t\t\t\t\t<\/div>\n\t\t<\/div>\n\t\t\t\t\t<\/div>\n\t\t<\/section>\n\t\t\t\t\t<\/div>\n\t\t<\/div>\n\t\t\t\t\t<\/div>\n\t\t<\/section>\n\t\t\t\t<\/div>\n\t\t","protected":false},"excerpt":{"rendered":"<p>Certificaciones que respaldan nuestra innovaci\u00f3n sostenible En ClearLeaf, nuestro compromiso con la sostenibilidad y la agricultura responsable se refleja en nuestras certificaciones. GotaBlanca ha sido reconocido por cumplir con los m\u00e1s altos est\u00e1ndares en la producci\u00f3n agr\u00edcola, asegurando un enfoque seguro, eficiente y libre de residuos nocivos.<\/p>\n","protected":false},"author":1,"featured_media":0,"parent":0,"menu_order":0,"comment_status":"closed","ping_status":"closed","template":"","meta":{"om_disable_all_campaigns":false,"_monsterinsights_skip_tracking":false,"_monsterinsights_sitenote_active":false,"_monsterinsights_sitenote_note":"","_monsterinsights_sitenote_category":0,"footnotes":""},"class_list":["post-6532","page","type-page","status-publish","hentry"],"aioseo_notices":[],"_links":{"self":[{"href":"https:\/\/clearagro.com\/gt\/wp-json\/wp\/v2\/pages\/6532","targetHints":{"allow":["GET"]}}],"collection":[{"href":"https:\/\/clearagro.com\/gt\/wp-json\/wp\/v2\/pages"}],"about":[{"href":"https:\/\/clearagro.com\/gt\/wp-json\/wp\/v2\/types\/page"}],"author":[{"embeddable":true,"href":"https:\/\/clearagro.com\/gt\/wp-json\/wp\/v2\/users\/1"}],"replies":[{"embeddable":true,"href":"https:\/\/clearagro.com\/gt\/wp-json\/wp\/v2\/comments?post=6532"}],"version-history":[{"count":19,"href":"https:\/\/clearagro.com\/gt\/wp-json\/wp\/v2\/pages\/6532\/revisions"}],"predecessor-version":[{"id":7253,"href":"https:\/\/clearagro.com\/gt\/wp-json\/wp\/v2\/pages\/6532\/revisions\/7253"}],"wp:attachment":[{"href":"https:\/\/clearagro.com\/gt\/wp-json\/wp\/v2\/media?parent=6532"}],"curies":[{"name":"wp","href":"https:\/\/api.w.org\/{rel}","templated":true}]}}