{"id":4487,"date":"2023-11-13T04:53:53","date_gmt":"2023-11-13T04:53:53","guid":{"rendered":"https:\/\/web.clearagro.com\/hn\/?page_id=4487"},"modified":"2025-03-02T15:13:06","modified_gmt":"2025-03-02T21:13:06","slug":"privacy-policy","status":"publish","type":"page","link":"https:\/\/clearagro.com\/hn\/en\/politica-de-privacidad\/","title":{"rendered":"Privacy Policy"},"content":{"rendered":"<div data-elementor-type=\"wp-page\" data-elementor-id=\"4487\" class=\"elementor elementor-4487\">\n\t\t\t\t\t\t<section class=\"elementor-section elementor-top-section elementor-element elementor-element-ab6b575 elementor-section-boxed elementor-section-height-default elementor-section-height-default wpr-particle-no wpr-jarallax-no wpr-parallax-no wpr-sticky-section-no\" data-id=\"ab6b575\" data-element_type=\"section\" data-e-type=\"section\">\n\t\t\t\t\t\t<div class=\"elementor-container elementor-column-gap-default\">\n\t\t\t\t\t<div class=\"elementor-column elementor-col-100 elementor-top-column elementor-element elementor-element-6aad0f3\" data-id=\"6aad0f3\" data-element_type=\"column\" data-e-type=\"column\">\n\t\t\t<div class=\"elementor-widget-wrap elementor-element-populated\">\n\t\t\t\t\t\t<div class=\"elementor-element elementor-element-d912bae elementor-widget elementor-widget-spacer\" data-id=\"d912bae\" data-element_type=\"widget\" data-e-type=\"widget\" data-widget_type=\"spacer.default\">\n\t\t\t\t<div class=\"elementor-widget-container\">\n\t\t\t\t\t\t\t<div class=\"elementor-spacer\">\n\t\t\t<div class=\"elementor-spacer-inner\"><\/div>\n\t\t<\/div>\n\t\t\t\t\t\t<\/div>\n\t\t\t\t<\/div>\n\t\t\t\t\t<\/div>\n\t\t<\/div>\n\t\t\t\t\t<\/div>\n\t\t<\/section>\n\t\t\t\t<section class=\"elementor-section elementor-top-section elementor-element elementor-element-92f7a3a elementor-section-boxed elementor-section-height-default elementor-section-height-default wpr-particle-no wpr-jarallax-no wpr-parallax-no wpr-sticky-section-no\" data-id=\"92f7a3a\" data-element_type=\"section\" data-e-type=\"section\">\n\t\t\t\t\t\t<div class=\"elementor-container elementor-column-gap-default\">\n\t\t\t\t\t<div class=\"elementor-column elementor-col-100 elementor-top-column elementor-element elementor-element-107f346d\" data-id=\"107f346d\" data-element_type=\"column\" data-e-type=\"column\">\n\t\t\t<div class=\"elementor-widget-wrap elementor-element-populated\">\n\t\t\t\t\t\t<div class=\"elementor-element elementor-element-11ed673f elementor-widget elementor-widget-text-editor\" data-id=\"11ed673f\" data-element_type=\"widget\" data-e-type=\"widget\" data-widget_type=\"text-editor.default\">\n\t\t\t\t<div class=\"elementor-widget-container\">\n\t\t\t\t\t\t\t\t\t<p><strong>ClearLeaf Privacy Policy<\/strong><\/p><p><strong>last updated: February 28, 2025<\/strong><\/p><p>ClearLeaf values the privacy of its users and customers. This Privacy Policy outlines how we collect, use, store, and protect the personal information of those who visit our website and use our services.<\/p><p>1.<strong> Information we collect<\/strong><\/p><p>We may collect the following information from users who visit our website:<\/p><ul><li><strong>Contact details:<\/strong> Name, email address, phone number, and country of residence.<\/li><li><strong>Browsing information:<\/strong> IP address, browser type, visited pages, and time spent on the site.<\/li><li><strong>Cookies and similar technologies:<\/strong> Used to enhance user experience and perform statistical analysis.<\/li><\/ul><p><strong>2. Use of Information<\/strong><\/p><p>The information collected is used to:<\/p><ul><li>Respond to inquiries and information requests.<\/li><li>Provide details about our products and services in the countries where we operate.<\/li><li>Send updates, promotions, and relevant communications (with user consent).<\/li><li>Improve website functionality and security.<\/li><\/ul><p><strong>3. Geographic Scope of Operations<\/strong><\/p><p>ClearLeaf operates in <strong>Costa Rica, Guatemala, Honduras, Nicaragua, and Panama.<\/strong>Our products are registered and available in these countries in compliance with applicable regulations.<\/p><p><strong>Information for U.S. Visitors<\/strong><\/p><p>ClearLeaf products are not yet registered for sale in the United States. For more information about our products and company, please contact us through the following form: https:\/\/clearagro.com\/hn\/en\/usa\/<\/p><p><strong>4. Sharing Information with Third Parties<\/strong><\/p><p>We do not sell, rent, or trade users' personal data. However, we may share information with:<\/p><ul><li>Technology service providers that assist us with website administration and security.<\/li><li>Regulatory authorities when required by applicable law.<\/li><\/ul><p><strong>5. Information security<\/strong><\/p><p>We implement technical and organizational security measures to protect personal data from unauthorized access, loss, or alteration.<\/p><p><strong>6. Protection of Minors<\/strong><\/p><p>ClearLeaf\u2019s website is not intended for minors, and we do not knowingly collect personal information from children. If a parent or legal guardian becomes aware that a minor has provided personal information without consent, they may contact us to request its removal.<\/p><p><strong>7. User rights<\/strong><\/p><p>Users may:<\/p><ul><li>Request access to their personal data.<\/li><li>Rectify or update their information.<\/li><li>Solicitar la eliminaci\u00f3n de sus datos personales cuando sea posible legalmente.<\/li><li>Manage their communication preferences and cookie settings.<\/li><\/ul><p>To exercise these rights, users can contact us at <strong>info@clearagro.com.<\/strong><\/p><p><strong>8. Use of Cookies<\/strong><\/p><p>This website uses cookies to enhance the user experience and analyze traffic. By continuing to browse, users agree to the use of these technologies. Cookie settings can be managed in the browser's configuration.<\/p><p><strong>9. Changes to This Policy<\/strong><\/p><p>ClearLeaf reserves the right to modify this Privacy Policy at any time. Any changes will be published on this page along with the corresponding update date.<\/p><p><strong>10. <\/strong><strong>Contact<\/strong><\/p><p>If you have questions about this Privacy Policy or the processing of your personal data, you can contact us at:<\/p><p>\ud83d\udce7 <a href=\"mailto:info@clearagro.com\">info@clearagro.com<\/a><\/p><p>\ud83d\udcde+(506) 2201 6029<\/p>\t\t\t\t\t\t\t\t<\/div>\n\t\t\t\t<\/div>\n\t\t\t\t\t<\/div>\n\t\t<\/div>\n\t\t\t\t\t<\/div>\n\t\t<\/section>\n\t\t\t\t<section class=\"elementor-section elementor-top-section elementor-element elementor-element-59a3f5b5 elementor-section-stretched elementor-section-boxed elementor-section-height-default elementor-section-height-default wpr-particle-no wpr-jarallax-no wpr-parallax-no wpr-sticky-section-no\" data-id=\"59a3f5b5\" data-element_type=\"section\" data-e-type=\"section\" data-settings=\"{&quot;stretch_section&quot;:&quot;section-stretched&quot;,&quot;background_background&quot;:&quot;gradient&quot;}\">\n\t\t\t\t\t\t<div class=\"elementor-container elementor-column-gap-default\">\n\t\t\t\t\t<div class=\"elementor-column elementor-col-100 elementor-top-column elementor-element elementor-element-7ed062a8\" data-id=\"7ed062a8\" data-element_type=\"column\" data-e-type=\"column\">\n\t\t\t<div class=\"elementor-widget-wrap elementor-element-populated\">\n\t\t\t\t\t\t<div class=\"elementor-element elementor-element-2302424f elementor-widget elementor-widget-spacer\" data-id=\"2302424f\" data-element_type=\"widget\" data-e-type=\"widget\" data-widget_type=\"spacer.default\">\n\t\t\t\t<div class=\"elementor-widget-container\">\n\t\t\t\t\t\t\t<div class=\"elementor-spacer\">\n\t\t\t<div class=\"elementor-spacer-inner\"><\/div>\n\t\t<\/div>\n\t\t\t\t\t\t<\/div>\n\t\t\t\t<\/div>\n\t\t\t\t<section class=\"elementor-section elementor-inner-section elementor-element elementor-element-779ec539 elementor-section-content-middle elementor-section-boxed elementor-section-height-default elementor-section-height-default wpr-particle-no wpr-jarallax-no wpr-parallax-no wpr-sticky-section-no\" data-id=\"779ec539\" data-element_type=\"section\" data-e-type=\"section\" data-settings=\"{&quot;background_background&quot;:&quot;classic&quot;}\">\n\t\t\t\t\t\t<div class=\"elementor-container elementor-column-gap-default\">\n\t\t\t\t\t<div class=\"elementor-column elementor-col-50 elementor-inner-column elementor-element elementor-element-66fd3841\" data-id=\"66fd3841\" data-element_type=\"column\" data-e-type=\"column\">\n\t\t\t<div class=\"elementor-widget-wrap elementor-element-populated\">\n\t\t\t\t\t\t<div class=\"elementor-element elementor-element-7d5a34bb align--tabletcenter align-left elementor-widget elementor-widget-mae-headings\" data-id=\"7d5a34bb\" data-element_type=\"widget\" data-e-type=\"widget\" data-widget_type=\"mae-headings.default\">\n\t\t\t\t<div class=\"elementor-widget-container\">\n\t\t\t\t\t\t\t<div class=\"master-heading\">\n\t        \n\t        \t        <h2 class=\"main-heading\">Enter your email to receive our latest news<\/h2>\n\t        \n\t        \n\t        \t    <\/div>\n\t    \t\t\t\t<\/div>\n\t\t\t\t<\/div>\n\t\t\t\t\t<\/div>\n\t\t<\/div>\n\t\t\t\t<div class=\"elementor-column elementor-col-50 elementor-inner-column elementor-element elementor-element-239494e5\" data-id=\"239494e5\" data-element_type=\"column\" data-e-type=\"column\">\n\t\t\t<div class=\"elementor-widget-wrap elementor-element-populated\">\n\t\t\t\t\t\t<div class=\"elementor-element elementor-element-9ab66be align--tabletcenter align-center elementor-widget elementor-widget-mae-subscribe\" data-id=\"9ab66be\" data-element_type=\"widget\" data-e-type=\"widget\" data-widget_type=\"mae-subscribe.default\">\n\t\t\t\t<div class=\"elementor-widget-container\">\n\t\t\t\t\t<div class=\"master-subscribe-form style-1\"><script>(function() {\n\twindow.mc4wp = window.mc4wp || {\n\t\tlisteners: [],\n\t\tforms: {\n\t\t\ton: function(evt, cb) {\n\t\t\t\twindow.mc4wp.listeners.push(\n\t\t\t\t\t{\n\t\t\t\t\t\tevent   : evt,\n\t\t\t\t\t\tcallback: cb\n\t\t\t\t\t}\n\t\t\t\t);\n\t\t\t}\n\t\t}\n\t}\n})();\n<\/script><!-- Mailchimp for WordPress v4.12.1 - https:\/\/wordpress.org\/plugins\/mailchimp-for-wp\/ --><form id=\"mc4wp-form-1\" class=\"mc4wp-form mc4wp-form-589\" method=\"post\" data-id=\"589\" data-name=\"Boletin\" action=\"\" ><div class=\"mc4wp-form-fields\"><div class=\"input-wrap\">\r\n\t<input type=\"email\" name=\"EMAIL\" placeholder=\"Email\" required=\"\" \/>\r\n<\/div>\r\n\r\n<div class=\"submit-wrap\">\r\n  <button type=\"submit\">Send<\/button>\r\n<\/div><\/div><label style=\"display: none !important;\">Leave this field empty if you're human: <input type=\"text\" name=\"_mc4wp_honeypot\" value=\"\" tabindex=\"-1\" autocomplete=\"off\" \/><\/label><input type=\"hidden\" name=\"_mc4wp_timestamp\" value=\"1776663153\" \/><input type=\"hidden\" name=\"_mc4wp_form_id\" value=\"589\" \/><input type=\"hidden\" name=\"_mc4wp_form_element_id\" value=\"mc4wp-form-1\" \/><div class=\"mc4wp-response\"><\/div><input type=\"hidden\" name=\"trp-form-language\" value=\"en\"\/><\/form><!-- \/ Mailchimp for WordPress Plugin --><\/div>\t\t\t\t<\/div>\n\t\t\t\t<\/div>\n\t\t\t\t\t<\/div>\n\t\t<\/div>\n\t\t\t\t\t<\/div>\n\t\t<\/section>\n\t\t\t\t\t<\/div>\n\t\t<\/div>\n\t\t\t\t\t<\/div>\n\t\t<\/section>\n\t\t\t\t<\/div>","protected":false},"excerpt":{"rendered":"<p>Pol\u00edtica de Privacidad de ClearLeaf \u00daltima actualizaci\u00f3n: 28 febrero 2025 ClearLeaf valora la privacidad de sus usuarios y clientes. Esta Pol\u00edtica de Privacidad describe c\u00f3mo recopilamos, usamos, almacenamos y protegemos la informaci\u00f3n personal de quienes visitan nuestro sitio web y utilizan nuestros servicios. 1. Informaci\u00f3n que recopilamos<\/p>","protected":false},"author":1,"featured_media":0,"parent":0,"menu_order":0,"comment_status":"closed","ping_status":"closed","template":"","meta":{"om_disable_all_campaigns":false,"_monsterinsights_skip_tracking":false,"_monsterinsights_sitenote_active":false,"_monsterinsights_sitenote_note":"","_monsterinsights_sitenote_category":0,"footnotes":""},"class_list":["post-4487","page","type-page","status-publish","hentry"],"aioseo_notices":[],"_links":{"self":[{"href":"https:\/\/clearagro.com\/hn\/en\/wp-json\/wp\/v2\/pages\/4487","targetHints":{"allow":["GET"]}}],"collection":[{"href":"https:\/\/clearagro.com\/hn\/en\/wp-json\/wp\/v2\/pages"}],"about":[{"href":"https:\/\/clearagro.com\/hn\/en\/wp-json\/wp\/v2\/types\/page"}],"author":[{"embeddable":true,"href":"https:\/\/clearagro.com\/hn\/en\/wp-json\/wp\/v2\/users\/1"}],"replies":[{"embeddable":true,"href":"https:\/\/clearagro.com\/hn\/en\/wp-json\/wp\/v2\/comments?post=4487"}],"version-history":[{"count":18,"href":"https:\/\/clearagro.com\/hn\/en\/wp-json\/wp\/v2\/pages\/4487\/revisions"}],"predecessor-version":[{"id":6517,"href":"https:\/\/clearagro.com\/hn\/en\/wp-json\/wp\/v2\/pages\/4487\/revisions\/6517"}],"wp:attachment":[{"href":"https:\/\/clearagro.com\/hn\/en\/wp-json\/wp\/v2\/media?parent=4487"}],"curies":[{"name":"wp","href":"https:\/\/api.w.org\/{rel}","templated":true}]}}